{"id":12053,"date":"2020-12-07T09:03:05","date_gmt":"2020-12-07T08:03:05","guid":{"rendered":"https:\/\/e.menuk.ee\/dev\/nittardi\/?post_type=product&#038;p=12053"},"modified":"2024-10-26T11:30:42","modified_gmt":"2024-10-26T09:30:42","slug":"belcanto-it","status":"publish","type":"product","link":"https:\/\/nittardi.menuk.ee\/it\/wine-club-offers\/belcanto-it\/","title":{"rendered":"Belcanto 2022"},"content":{"rendered":"<div class=\"wpb-content-wrapper\"><p>[vc_row css=&#8221;.vc_custom_1638379642839{margin-top: 20px !important;}&#8221;][vc_column width=&#8221;1\/2&#8243; css=&#8221;.vc_custom_1638379555554{padding-top: 20px !important;padding-right: 30px !important;padding-bottom: 30px !important;padding-left: 30px !important;}&#8221;][vc_column_text]<\/p>\n<div class=\"fourcol-three last\">\n<p><b>Nome:<\/b>\u00a0Belcanto Chianti Classico D.O.C.G.<\/p>\n<p><strong>Uvaggio: <\/strong>90% Sangiovese, 10% altre variet\u00e0 autoctone: Canaiolo, Colorino, Malvasia Nera, Ciliegiolo, Mammolo, Foglia Tonda e Pugnitello.<\/p>\n<p><b>Terreno: <\/b>medio profondo ricco di Galestro ed Alberese<\/p>\n<p><b>Hl\/Densit\u00e0 di impianto per ettaro:<\/b> 35-40 Hl \/ 3.000 \u2013 6.660<\/p>\n<p><b>Vinificazione\/Affinamento: <\/b>Fermentazione naturale in serbatoi di acciaio inox seguita da 12 mesi in tonneaux da 500 litri e botti da 3500 litri infine alcuni mesi in bottiglia.<\/p>\n<p><b>Profilo: <\/b>Colore viola-rosso, succosi sentori di ciliegia e lampone al naso con leggere note di macchia mediterranea e note floreali. Di medio corpo con tannini croccanti al palato e un finale fresco e lungo. Si abbina bene agli antipasti e primi della creativa cucina toscana. Si consiglia di servirlo a circa 16 \u00b0 C.<\/p>\n<\/div>\n<p>[\/vc_column_text][\/vc_column][vc_column width=&#8221;1\/2&#8243; css=&#8221;.vc_custom_1638379561741{padding-top: 20px !important;padding-right: 30px !important;padding-bottom: 30px !important;padding-left: 30px !important;background-color: #f9f9f9 !important;}&#8221;][vc_column_text css=&#8221;.vc_custom_1650034424040{border-bottom-width: 1px !important;border-bottom-color: #cecece !important;border-bottom-style: solid !important;}&#8221;]<\/p>\n<p><span style=\"font-size: 14px\"><strong>ANNATE \/ RICONOSCIMENTI<\/strong><\/span><\/p>\n<p>[\/vc_column_text][vc_column_text css=&#8221;.vc_custom_1729935038955{margin-top: 30px !important;}&#8221;]<\/p>\n<p data-fontsize=\"16\" data-lineheight=\"24px\"><strong>2022<\/strong><br \/>\nLuca Maroni: 93 punti<br \/>\nJames Suckling: 92 punti<br \/>\nAntonio Galloni: 90 punti<\/p>\n<p data-fontsize=\"16\" data-lineheight=\"24px\"><strong>2021<\/strong><br \/>\nLuca Gardini: 98+<br \/>\nDaniele Cernilli\/Doctor Wine: 93 punti<br \/>\nLuca Maroni: 93 punti<br \/>\nJames Suckling: 92 punti<br \/>\n<a href=\"https:\/\/nittardi.menuk.ee\/wp-content\/uploads\/2023\/11\/Belcanto_2021_ENG.pdf\">SCHEDA TECNICA 2021<\/a><\/p>\n<p data-fontsize=\"16\" data-lineheight=\"24px\"><strong>2020<\/strong><br \/>\nFalstaff: 94 punti<br \/>\nLuca Maroni: 93 punti<br \/>\nJames Suckling: 93 punti<br \/>\n<a href=\"https:\/\/nittardi.menuk.ee\/wp-content\/uploads\/2023\/04\/Belcanto_2020_ENG.pdf\">SCHEDA TECNICA 2020<\/a><\/p>\n<p data-fontsize=\"16\" data-lineheight=\"24px\"><strong>2019<\/strong><br \/>\nLuca Maroni: 93 punti<br \/>\nJames Suckling: 93 punti<br \/>\n<a href=\"https:\/\/nittardi.menuk.ee\/wp-content\/uploads\/2022\/06\/Belcanto-2019-ENG.pdf\" target=\"_blank\" rel=\"noopener\">SCHEDA TECNICA 2019<\/a><\/p>\n<p class=\"fusion-responsive-typography-calculated\" data-fontsize=\"16\" data-lineheight=\"24px\"><strong>2018<br \/>\n<\/strong>Luca Maroni: 93 punti<br \/>\nJames Suckling: 92 punti<br \/>\nFalstaff: 92 punti<br \/>\n<em>* Certificato Biologico<br \/>\n<\/em><a href=\"https:\/\/nittardi.menuk.ee\/wp-content\/uploads\/2021\/12\/Belcanto-2018-ENG.pdf\" target=\"_blank\" rel=\"noopener\">SCHEDA TECNICA 2018<\/a><\/p>\n<p class=\"fusion-responsive-typography-calculated\" data-fontsize=\"16\" data-lineheight=\"24px\"><strong>2017<br \/>\n<\/strong>Luca Gardini: 96 punti<br \/>\nJames Suckling: 92 punti<br \/>\nRobert Parker: 90+ punti<br \/>\n<em>* Certificato Biologico<br \/>\n<\/em><a href=\"https:\/\/nittardi.menuk.ee\/wp-content\/uploads\/2021\/12\/Belcanto-2017-ENG.pdf\" target=\"_blank\" rel=\"noopener\">SCHEDA TECNICA 2017<\/a><\/p>\n<p class=\"fusion-responsive-typography-calculated\" data-fontsize=\"16\" data-lineheight=\"24px\"><strong>2016<br \/>\n<\/strong>Wine Spectator: 91 punti<br \/>\n<a href=\"https:\/\/nittardi.menuk.ee\/wp-content\/uploads\/2021\/12\/Belcanto-2016-ENG.pdf\" target=\"_blank\" rel=\"noopener\">SCHEDA TECNICA 2016<\/a><\/p>\n<p class=\"fusion-responsive-typography-calculated\" data-fontsize=\"16\" data-lineheight=\"24px\"><strong>2015<br \/>\n<\/strong>James Suckling: 92 punti<br \/>\nGambero Rosso: 3 bicchieri<br \/>\n<a href=\"https:\/\/nittardi.menuk.ee\/wp-content\/uploads\/2021\/11\/Nittardi-Belcanto-2015-eng.pdf\" target=\"_blank\" rel=\"noopener\">SCHEDA TECNICA 2015<\/a><\/p>\n<p class=\"fusion-responsive-typography-calculated\" data-fontsize=\"16\" data-lineheight=\"24px\"><strong>2014<br \/>\n<\/strong>James Suckling: 91 punti<br \/>\n<a href=\"https:\/\/nittardi.menuk.ee\/wp-content\/uploads\/2021\/11\/Nittardi-Belcanto-2014-eng.pdf\" target=\"_blank\" rel=\"noopener\">SCHEDA TECNICA 2014<\/a><\/p>\n<p class=\"fusion-responsive-typography-calculated\" data-fontsize=\"16\" data-lineheight=\"24px\"><strong>2013<br \/>\n<\/strong>Gambero Rosso: 2 Bicchieri<br \/>\n<a href=\"https:\/\/nittardi.menuk.ee\/wp-content\/uploads\/2021\/12\/Belcanto-2013-ENG.pdf\" target=\"_blank\" rel=\"noopener\">SCHEDA TECNICA 2013<\/a><\/p>\n<div id=\"tabs-6\" class=\"shortcode-tabs boxed ui-tabs ui-widget ui-widget-content ui-corner-all\">\n<div id=\"tabs-6-tab-6\" class=\"tab tab-2013 ui-tabs-panel ui-widget-content ui-corner-bottom\" role=\"tabpanel\" aria-labelledby=\"ui-id-6\" aria-hidden=\"false\">\n<p><strong>2012<br \/>\n<\/strong>James Suckling: 92 punti<br \/>\nWine Spectator: 91 punti<br \/>\nBibenda: 4 grappoli<br \/>\n<a href=\"https:\/\/nittardi.menuk.ee\/wp-content\/uploads\/2021\/11\/Nittardi-Belcanto-2012-eng.pdf\" target=\"_blank\" rel=\"noopener\">SCHEDA TECNICA 2012<\/a><\/p>\n<\/div>\n<\/div>\n<p>[\/vc_column_text][\/vc_column][\/vc_row]<\/p>\n<\/div>","protected":false},"excerpt":{"rendered":"<p>Belcanto Chianti Classico viene prodotto integralmente con uve coltivate nei nostri vigneti nel comune di Castellina in Chianti. Una parte proviene dai nostri vigneti a Nittardi, situati a 450 metri d\u2019altitudine mentre l\u2019altra proviene dal nostro vigneto a Sud di Castellina nella zona di Villa Rosa situato a 270 metri d\u2019altitudine.<\/p>\n<p>Entrambi i vigneti hanno un suolo argilloso \u2013 calcareo, ricco di Galestro che regalano una buona freschezza e lunghezza ai vini. I vigneti a Nittardi sono piantati esclusivamente con uve Sangiovese mentre il vigneto a Villa Rosa, piantato nel 1968, vede principalmente uva Sangiovese insieme a sette altre variet\u00e0 autoctone come Canaiolo, Colorino e Malvasia Nera. Sull\u2019etichetta di Belcanto, Michelangelo \u00e8 raffigurato su un mosaico di otto pietre Galestro, tipiche per il suolo dei nostri vigneti. Le pietre sono otto proprio perch\u00e9 il vino \u00e8 un blend di otto variet\u00e0 autoctone diverse.<\/p>\n","protected":false},"featured_media":10702,"template":"","meta":{"_links_to":"","_links_to_target":""},"product_cat":[381],"product_tag":[],"class_list":{"0":"post-12053","1":"product","2":"type-product","3":"status-publish","4":"has-post-thumbnail","6":"product_cat-vini","8":"first","9":"instock","10":"shipping-taxable","11":"purchasable","12":"product-type-simple"},"yoast_head":"<!-- This site is optimized with the Yoast SEO plugin v23.8 - https:\/\/yoast.com\/wordpress\/plugins\/seo\/ -->\n<title>Belcanto 2022 - Nittardi<\/title>\n<meta name=\"robots\" content=\"noindex, follow, max-snippet:-1, max-image-preview:large, max-video-preview:-1\" \/>\n<meta property=\"og:locale\" content=\"it_IT\" \/>\n<meta property=\"og:type\" content=\"article\" \/>\n<meta property=\"og:title\" content=\"Belcanto 2022 - Nittardi\" \/>\n<meta property=\"og:description\" content=\"Belcanto Chianti Classico viene prodotto integralmente con uve coltivate nei nostri vigneti nel comune di Castellina in Chianti. Una parte proviene dai nostri vigneti a Nittardi, situati a 450 metri d\u2019altitudine mentre l\u2019altra proviene dal nostro vigneto a Sud di Castellina nella zona di Villa Rosa situato a 270 metri d\u2019altitudine. Entrambi i vigneti hanno un suolo argilloso \u2013 calcareo, ricco di Galestro che regalano una buona freschezza e lunghezza ai vini. I vigneti a Nittardi sono piantati esclusivamente con uve Sangiovese mentre il vigneto a Villa Rosa, piantato nel 1968, vede principalmente uva Sangiovese insieme a sette altre variet\u00e0 autoctone come Canaiolo, Colorino e Malvasia Nera. Sull\u2019etichetta di Belcanto, Michelangelo \u00e8 raffigurato su un mosaico di otto pietre Galestro, tipiche per il suolo dei nostri vigneti. Le pietre sono otto proprio perch\u00e9 il vino \u00e8 un blend di otto variet\u00e0 autoctone diverse.\" \/>\n<meta property=\"og:url\" content=\"https:\/\/nittardi.menuk.ee\/it\/wine-club-offers\/belcanto-it\/\" \/>\n<meta property=\"og:site_name\" content=\"Nittardi\" \/>\n<meta property=\"article:publisher\" content=\"https:\/\/www.facebook.com\/nittardiwinery\" \/>\n<meta property=\"article:modified_time\" content=\"2024-10-26T09:30:42+00:00\" \/>\n<meta property=\"og:image\" content=\"https:\/\/nittardi.menuk.ee\/wp-content\/uploads\/2021\/11\/Product-Belcanto.jpg\" \/>\n\t<meta property=\"og:image:width\" content=\"1200\" \/>\n\t<meta property=\"og:image:height\" content=\"1200\" \/>\n\t<meta property=\"og:image:type\" content=\"image\/jpeg\" \/>\n<meta name=\"twitter:card\" content=\"summary_large_image\" \/>\n<meta name=\"twitter:site\" content=\"@nittardi\" \/>\n<meta name=\"twitter:label1\" content=\"Tempo di lettura stimato\" \/>\n\t<meta name=\"twitter:data1\" content=\"2 minuti\" \/>\n<script type=\"application\/ld+json\" class=\"yoast-schema-graph\">{\"@context\":\"https:\/\/schema.org\",\"@graph\":[{\"@type\":\"WebPage\",\"@id\":\"https:\/\/nittardi.menuk.ee\/it\/wine-club-offers\/belcanto-it\/\",\"url\":\"https:\/\/nittardi.menuk.ee\/it\/wine-club-offers\/belcanto-it\/\",\"name\":\"Belcanto 2022 - Nittardi\",\"isPartOf\":{\"@id\":\"https:\/\/nittardi.menuk.ee\/#website\"},\"primaryImageOfPage\":{\"@id\":\"https:\/\/nittardi.menuk.ee\/it\/wine-club-offers\/belcanto-it\/#primaryimage\"},\"image\":{\"@id\":\"https:\/\/nittardi.menuk.ee\/it\/wine-club-offers\/belcanto-it\/#primaryimage\"},\"thumbnailUrl\":\"https:\/\/nittardi.menuk.ee\/wp-content\/uploads\/2021\/11\/Product-Belcanto.jpg\",\"datePublished\":\"2020-12-07T08:03:05+00:00\",\"dateModified\":\"2024-10-26T09:30:42+00:00\",\"breadcrumb\":{\"@id\":\"https:\/\/nittardi.menuk.ee\/it\/wine-club-offers\/belcanto-it\/#breadcrumb\"},\"inLanguage\":\"it-IT\",\"potentialAction\":[{\"@type\":\"ReadAction\",\"target\":[\"https:\/\/nittardi.menuk.ee\/it\/wine-club-offers\/belcanto-it\/\"]}]},{\"@type\":\"ImageObject\",\"inLanguage\":\"it-IT\",\"@id\":\"https:\/\/nittardi.menuk.ee\/it\/wine-club-offers\/belcanto-it\/#primaryimage\",\"url\":\"https:\/\/nittardi.menuk.ee\/wp-content\/uploads\/2021\/11\/Product-Belcanto.jpg\",\"contentUrl\":\"https:\/\/nittardi.menuk.ee\/wp-content\/uploads\/2021\/11\/Product-Belcanto.jpg\",\"width\":1200,\"height\":1200},{\"@type\":\"BreadcrumbList\",\"@id\":\"https:\/\/nittardi.menuk.ee\/it\/wine-club-offers\/belcanto-it\/#breadcrumb\",\"itemListElement\":[{\"@type\":\"ListItem\",\"position\":1,\"name\":\"Home\",\"item\":\"https:\/\/nittardi.menuk.ee\/it\/\"},{\"@type\":\"ListItem\",\"position\":2,\"name\":\"Offerte Wine Club\",\"item\":\"https:\/\/nittardi.menuk.ee\/it\/offerte-wine-club\/\"},{\"@type\":\"ListItem\",\"position\":3,\"name\":\"Belcanto 2022\"}]},{\"@type\":\"WebSite\",\"@id\":\"https:\/\/nittardi.menuk.ee\/#website\",\"url\":\"https:\/\/nittardi.menuk.ee\/\",\"name\":\"Nittardi\",\"description\":\"Wine, Art and Hospitality\",\"publisher\":{\"@id\":\"https:\/\/nittardi.menuk.ee\/#organization\"},\"potentialAction\":[{\"@type\":\"SearchAction\",\"target\":{\"@type\":\"EntryPoint\",\"urlTemplate\":\"https:\/\/nittardi.menuk.ee\/?s={search_term_string}\"},\"query-input\":{\"@type\":\"PropertyValueSpecification\",\"valueRequired\":true,\"valueName\":\"search_term_string\"}}],\"inLanguage\":\"it-IT\"},{\"@type\":\"Organization\",\"@id\":\"https:\/\/nittardi.menuk.ee\/#organization\",\"name\":\"Nittardi\",\"url\":\"https:\/\/nittardi.menuk.ee\/\",\"logo\":{\"@type\":\"ImageObject\",\"inLanguage\":\"it-IT\",\"@id\":\"https:\/\/nittardi.menuk.ee\/#\/schema\/logo\/image\/\",\"url\":\"https:\/\/nittardi.menuk.ee\/wp-content\/uploads\/2022\/02\/Nittardi-Logo-color.png\",\"contentUrl\":\"https:\/\/nittardi.menuk.ee\/wp-content\/uploads\/2022\/02\/Nittardi-Logo-color.png\",\"width\":1098,\"height\":776,\"caption\":\"Nittardi\"},\"image\":{\"@id\":\"https:\/\/nittardi.menuk.ee\/#\/schema\/logo\/image\/\"},\"sameAs\":[\"https:\/\/www.facebook.com\/nittardiwinery\",\"https:\/\/x.com\/nittardi\",\"https:\/\/www.instagram.com\/fattorianittardi\/\"]}]}<\/script>\n<!-- \/ Yoast SEO plugin. -->","yoast_head_json":{"title":"Belcanto 2022 - Nittardi","robots":{"index":"noindex","follow":"follow","max-snippet":"max-snippet:-1","max-image-preview":"max-image-preview:large","max-video-preview":"max-video-preview:-1"},"og_locale":"it_IT","og_type":"article","og_title":"Belcanto 2022 - Nittardi","og_description":"Belcanto Chianti Classico viene prodotto integralmente con uve coltivate nei nostri vigneti nel comune di Castellina in Chianti. Una parte proviene dai nostri vigneti a Nittardi, situati a 450 metri d\u2019altitudine mentre l\u2019altra proviene dal nostro vigneto a Sud di Castellina nella zona di Villa Rosa situato a 270 metri d\u2019altitudine. Entrambi i vigneti hanno un suolo argilloso \u2013 calcareo, ricco di Galestro che regalano una buona freschezza e lunghezza ai vini. I vigneti a Nittardi sono piantati esclusivamente con uve Sangiovese mentre il vigneto a Villa Rosa, piantato nel 1968, vede principalmente uva Sangiovese insieme a sette altre variet\u00e0 autoctone come Canaiolo, Colorino e Malvasia Nera. Sull\u2019etichetta di Belcanto, Michelangelo \u00e8 raffigurato su un mosaico di otto pietre Galestro, tipiche per il suolo dei nostri vigneti. Le pietre sono otto proprio perch\u00e9 il vino \u00e8 un blend di otto variet\u00e0 autoctone diverse.","og_url":"https:\/\/nittardi.menuk.ee\/it\/wine-club-offers\/belcanto-it\/","og_site_name":"Nittardi","article_publisher":"https:\/\/www.facebook.com\/nittardiwinery","article_modified_time":"2024-10-26T09:30:42+00:00","og_image":[{"width":1200,"height":1200,"url":"https:\/\/nittardi.menuk.ee\/wp-content\/uploads\/2021\/11\/Product-Belcanto.jpg","type":"image\/jpeg"}],"twitter_card":"summary_large_image","twitter_site":"@nittardi","twitter_misc":{"Tempo di lettura stimato":"2 minuti"},"schema":{"@context":"https:\/\/schema.org","@graph":[{"@type":"WebPage","@id":"https:\/\/nittardi.menuk.ee\/it\/wine-club-offers\/belcanto-it\/","url":"https:\/\/nittardi.menuk.ee\/it\/wine-club-offers\/belcanto-it\/","name":"Belcanto 2022 - Nittardi","isPartOf":{"@id":"https:\/\/nittardi.menuk.ee\/#website"},"primaryImageOfPage":{"@id":"https:\/\/nittardi.menuk.ee\/it\/wine-club-offers\/belcanto-it\/#primaryimage"},"image":{"@id":"https:\/\/nittardi.menuk.ee\/it\/wine-club-offers\/belcanto-it\/#primaryimage"},"thumbnailUrl":"https:\/\/nittardi.menuk.ee\/wp-content\/uploads\/2021\/11\/Product-Belcanto.jpg","datePublished":"2020-12-07T08:03:05+00:00","dateModified":"2024-10-26T09:30:42+00:00","breadcrumb":{"@id":"https:\/\/nittardi.menuk.ee\/it\/wine-club-offers\/belcanto-it\/#breadcrumb"},"inLanguage":"it-IT","potentialAction":[{"@type":"ReadAction","target":["https:\/\/nittardi.menuk.ee\/it\/wine-club-offers\/belcanto-it\/"]}]},{"@type":"ImageObject","inLanguage":"it-IT","@id":"https:\/\/nittardi.menuk.ee\/it\/wine-club-offers\/belcanto-it\/#primaryimage","url":"https:\/\/nittardi.menuk.ee\/wp-content\/uploads\/2021\/11\/Product-Belcanto.jpg","contentUrl":"https:\/\/nittardi.menuk.ee\/wp-content\/uploads\/2021\/11\/Product-Belcanto.jpg","width":1200,"height":1200},{"@type":"BreadcrumbList","@id":"https:\/\/nittardi.menuk.ee\/it\/wine-club-offers\/belcanto-it\/#breadcrumb","itemListElement":[{"@type":"ListItem","position":1,"name":"Home","item":"https:\/\/nittardi.menuk.ee\/it\/"},{"@type":"ListItem","position":2,"name":"Offerte Wine Club","item":"https:\/\/nittardi.menuk.ee\/it\/offerte-wine-club\/"},{"@type":"ListItem","position":3,"name":"Belcanto 2022"}]},{"@type":"WebSite","@id":"https:\/\/nittardi.menuk.ee\/#website","url":"https:\/\/nittardi.menuk.ee\/","name":"Nittardi","description":"Wine, Art and Hospitality","publisher":{"@id":"https:\/\/nittardi.menuk.ee\/#organization"},"potentialAction":[{"@type":"SearchAction","target":{"@type":"EntryPoint","urlTemplate":"https:\/\/nittardi.menuk.ee\/?s={search_term_string}"},"query-input":{"@type":"PropertyValueSpecification","valueRequired":true,"valueName":"search_term_string"}}],"inLanguage":"it-IT"},{"@type":"Organization","@id":"https:\/\/nittardi.menuk.ee\/#organization","name":"Nittardi","url":"https:\/\/nittardi.menuk.ee\/","logo":{"@type":"ImageObject","inLanguage":"it-IT","@id":"https:\/\/nittardi.menuk.ee\/#\/schema\/logo\/image\/","url":"https:\/\/nittardi.menuk.ee\/wp-content\/uploads\/2022\/02\/Nittardi-Logo-color.png","contentUrl":"https:\/\/nittardi.menuk.ee\/wp-content\/uploads\/2022\/02\/Nittardi-Logo-color.png","width":1098,"height":776,"caption":"Nittardi"},"image":{"@id":"https:\/\/nittardi.menuk.ee\/#\/schema\/logo\/image\/"},"sameAs":["https:\/\/www.facebook.com\/nittardiwinery","https:\/\/x.com\/nittardi","https:\/\/www.instagram.com\/fattorianittardi\/"]}]}},"_links":{"self":[{"href":"https:\/\/nittardi.menuk.ee\/it\/wp-json\/wp\/v2\/product\/12053","targetHints":{"allow":["GET"]}}],"collection":[{"href":"https:\/\/nittardi.menuk.ee\/it\/wp-json\/wp\/v2\/product"}],"about":[{"href":"https:\/\/nittardi.menuk.ee\/it\/wp-json\/wp\/v2\/types\/product"}],"wp:featuredmedia":[{"embeddable":true,"href":"https:\/\/nittardi.menuk.ee\/it\/wp-json\/wp\/v2\/media\/10702"}],"wp:attachment":[{"href":"https:\/\/nittardi.menuk.ee\/it\/wp-json\/wp\/v2\/media?parent=12053"}],"wp:term":[{"taxonomy":"product_cat","embeddable":true,"href":"https:\/\/nittardi.menuk.ee\/it\/wp-json\/wp\/v2\/product_cat?post=12053"},{"taxonomy":"product_tag","embeddable":true,"href":"https:\/\/nittardi.menuk.ee\/it\/wp-json\/wp\/v2\/product_tag?post=12053"}],"curies":[{"name":"wp","href":"https:\/\/api.w.org\/{rel}","templated":true}]}}