{"id":12048,"date":"2022-02-24T18:15:30","date_gmt":"2022-02-24T17:15:30","guid":{"rendered":"https:\/\/e.menuk.ee\/dev\/nittardi\/?post_type=product&#038;p=12048"},"modified":"2024-07-03T17:51:20","modified_gmt":"2024-07-03T15:51:20","slug":"nectar-dei","status":"publish","type":"product","link":"https:\/\/nittardi.menuk.ee\/it\/wine-club-offers\/nectar-dei\/","title":{"rendered":"Nectar Dei 2020"},"content":{"rendered":"<div class=\"wpb-content-wrapper\"><p>[vc_row css=&#8221;.vc_custom_1638379642839{margin-top: 20px !important;}&#8221;][vc_column width=&#8221;1\/2&#8243; css=&#8221;.vc_custom_1638379555554{padding-top: 20px !important;padding-right: 30px !important;padding-bottom: 30px !important;padding-left: 30px !important;}&#8221;][vc_column_text]<\/p>\n<p><strong>Nome:<\/strong> Nectar Dei D.O.C. Maremma Toscana<\/p>\n<p><strong>Uvaggio:<\/strong> Cabernet Sauvignon 60%, Petit Verdot 20% Merlot 15%, variet\u00e0 segrete 5%<\/p>\n<p><strong>Terreno:<\/strong> Prevalentemente sabbioso ricco di pietra calcarea e argilla.<\/p>\n<p><strong>Vinificazione\/affinamento:<\/strong> Fermentazione in serbatoi di acciaio inox con capienza di 5 e 10,5 hl e, a seguire, 24 mesi di invecchiamento in barrique di rovere francese e 6 mesi in cemento non vetrificato. Infine ulteriori 12 mesi di affinamento in bottiglia.<\/p>\n<p><strong>Profilo organolettico:<\/strong> Colore rosso intenso con venature violacee. Al naso sviluppa aromi di frutta nera matura, note speziate come il pepe rosa ed infine tabacco; al palato \u00e8 concentrato e complesso con una lunga persistenza. Ottimo da abbinare con tutte le variet\u00e0 di carne rossa e selvaggina. Da servire ad una temperatura di circa 18\u00b0 C; stappare e decantare la bottiglia almeno 2 ore prima.<\/p>\n<p>[\/vc_column_text][\/vc_column][vc_column width=&#8221;1\/2&#8243; css=&#8221;.vc_custom_1638379561741{padding-top: 20px !important;padding-right: 30px !important;padding-bottom: 30px !important;padding-left: 30px !important;background-color: #f9f9f9 !important;}&#8221;][vc_column_text css=&#8221;.vc_custom_1650030376911{border-bottom-width: 1px !important;border-bottom-color: #cecece !important;border-bottom-style: solid !important;}&#8221;]<\/p>\n<p class=\"p1\"><span style=\"font-size: 14px\"><b>ANNATE \/ RICONOSCIMENTI<\/b><\/span><\/p>\n<p>[\/vc_column_text][vc_column_text css=&#8221;.vc_custom_1719659116037{margin-top: 30px !important;}&#8221;]<\/p>\n<p data-fontsize=\"16\" data-lineheight=\"24px\"><strong>2020<\/strong><br \/>\nLuca Maroni: 97 punti<br \/>\nDoctor Wine: 95 punti<br \/>\nJames Suckling: 94 punti<br \/>\n<a href=\"https:\/\/nittardi.menuk.ee\/wp-content\/uploads\/2021\/11\/Nectar-Dei_2020_ENG.pdf\">SCHEDA TECNICA 2020<\/a><\/p>\n<p data-fontsize=\"16\" data-lineheight=\"24px\"><strong>2019<\/strong><br \/>\nLuca Maroni: 96 punti- 3\u00b0 Miglior vino rosso d&#8217;Italia<br \/>\nDoctor Wine: 93 punti<br \/>\nRobert Parker: 93 punti<br \/>\nJames Suckling: 94 punti<br \/>\n<a href=\"https:\/\/nittardi.menuk.ee\/wp-content\/uploads\/2023\/04\/Nectar-Dei_2019_ENG.pdf\">SCHEDA TECNICA 2019<\/a><\/p>\n<p data-fontsize=\"16\" data-lineheight=\"24px\"><strong>2018<\/strong><br \/>\nLuca Maroni: 97 punti<br \/>\nJames Suckling: 95 punti<br \/>\n<a href=\"https:\/\/nittardi.menuk.ee\/wp-content\/uploads\/2022\/06\/Nectar-Dei-2018-ENG.pdf\" target=\"_blank\" rel=\"noopener\">SCHEDA TECNICA\u00a0 2018<\/a><\/p>\n<p data-fontsize=\"16\" data-lineheight=\"24px\"><strong>2017<\/strong><br \/>\nLuca Maroni: 96 punti<br \/>\nJames Suckling: 95 punti<br \/>\n<a href=\"https:\/\/nittardi.menuk.ee\/wp-content\/uploads\/2022\/06\/Nectar-Dei-2017-ENG.pdf\">SCHEDA TECNICA 2017<\/a><\/p>\n<p class=\"fusion-responsive-typography-calculated\" data-fontsize=\"16\" data-lineheight=\"24px\"><strong>2016<br \/>\n<\/strong>James Suckling: 95 punti<br \/>\n<a href=\"https:\/\/nittardi.menuk.ee\/wp-content\/uploads\/2021\/12\/Nectar-Dei-2016-Eng.pdf\" target=\"_blank\" rel=\"noopener\">SCHEDA TECNICA 2016<\/a><\/p>\n<p class=\"fusion-responsive-typography-calculated\" data-fontsize=\"16\" data-lineheight=\"24px\"><strong>2015<br \/>\n<\/strong>James Suckling: 95\u00a0punti<br \/>\nRobert Parker: 93 punti<br \/>\n<a href=\"https:\/\/nittardi.menuk.ee\/wp-content\/uploads\/2021\/12\/Nectar-Dei-2015-Eng.pdf\" target=\"_blank\" rel=\"noopener\">SCHEDA TECNICA 2015<\/a><\/p>\n<p class=\"fusion-responsive-typography-calculated\" data-fontsize=\"16\" data-lineheight=\"24px\"><strong>2014<br \/>\n<\/strong>James Suckling: 93 punti<br \/>\n<a href=\"https:\/\/nittardi.menuk.ee\/wp-content\/uploads\/2021\/12\/Nectar-Dei-2014-Eng.pdf\" target=\"_blank\" rel=\"noopener\">SCHEDA TECNICA 2014<\/a><\/p>\n<p class=\"fusion-responsive-typography-calculated\" data-fontsize=\"16\" data-lineheight=\"24px\"><strong>2013<br \/>\n<\/strong>James Suckling: 94 punti<br \/>\nWine Advocate\/Robert Parker: 93 punti<br \/>\n<a href=\"https:\/\/nittardi.menuk.ee\/wp-content\/uploads\/2021\/12\/Nectar-Dei-2013-Eng.pdf\" target=\"_blank\" rel=\"noopener\">SCHEDA TECNICA 2013<\/a><\/p>\n<p class=\"fusion-responsive-typography-calculated\" data-fontsize=\"16\" data-lineheight=\"24px\"><strong>2012<br \/>\n<\/strong>Jancis Robinson: 17.5 punti<br \/>\nJames Suckling: 92 punti<br \/>\n<a href=\"https:\/\/nittardi.menuk.ee\/wp-content\/uploads\/2021\/12\/Nectar-Dei-2012-Eng.pdf\" target=\"_blank\" rel=\"noopener\">SCHEDA TECNICA 2012<\/a><\/p>\n<p class=\"fusion-responsive-typography-calculated\" data-fontsize=\"16\" data-lineheight=\"24px\"><strong>2011<br \/>\n<\/strong>Decanter World Wine Awards: Medaglia d\u2019oro<br \/>\nVitis\/Ais Sommelier: 4 viti<br \/>\nJancis Robinson: 17.5 punti<br \/>\nBibenda: 4 grappoli<br \/>\n<a href=\"https:\/\/nittardi.menuk.ee\/wp-content\/uploads\/2021\/12\/Nectar-Dei-2011-Eng.pdf\" target=\"_blank\" rel=\"noopener\">SCHEDA TECNICA 2011<\/a><\/p>\n<p class=\"fusion-responsive-typography-calculated\" data-fontsize=\"16\" data-lineheight=\"24px\"><strong>2010<br \/>\n<\/strong>Livets Goda: 94 punti<br \/>\nWine &amp; Spirits: 92 punti<br \/>\nJancis Robinson: 17.5 punti<br \/>\nVini d\u2019Italia: 17 punti<br \/>\nWine Spectator: 91 punti<br \/>\n<a href=\"https:\/\/nittardi.menuk.ee\/wp-content\/uploads\/2021\/12\/Nectar-Dei-2010-Eng.pdf\" target=\"_blank\" rel=\"noopener\">SCHEDA TECNICA 2010<\/a><\/p>\n<p data-fontsize=\"16\" data-lineheight=\"24px\"><strong>2009<br \/>\n<\/strong>James Suckling: 93 punti<br \/>\nDecanter: 17.5 punti<br \/>\nGambero Rosso: 2 Bicchieri Rossi<br \/>\n<a href=\"https:\/\/nittardi.menuk.ee\/wp-content\/uploads\/2021\/12\/Nectar-Dei-2009-Eng.pdf\" target=\"_blank\" rel=\"noopener\">SCHEDA TECNICA 2009<\/a><\/p>\n<p>[\/vc_column_text][\/vc_column][\/vc_row]<\/p>\n<\/div>","protected":false},"excerpt":{"rendered":"<p>Nectar Dei, il pi\u00f9 prestigioso vino di Nittardi, \u00e8 il risultato di uno straordinario uvaggio di Cabernet Sauvignon, Petit Verdot e Merlot ed \u00e8 stato cos\u00ec battezzato dall\u2019antico nome con cui Nittardi viene citato in un documento del 1183.<\/p>\n<p>Come da tradizione le prime bottiglie di questo vino furono donate a Papa Benedetto XVI e a Papa Francesco proprio come Michelangelo Buonarroti fece nel XVI secolo quando, in qualit\u00e0 di proprietario della tenuta, rese omaggio al Papa Paolo III porgendo loro il vino genuino di Nittardi, Nettare degli Dei.<\/p>\n","protected":false},"featured_media":10756,"template":"","meta":{"_links_to":"","_links_to_target":""},"product_cat":[381],"product_tag":[],"class_list":{"0":"post-12048","1":"product","2":"type-product","3":"status-publish","4":"has-post-thumbnail","6":"product_cat-vini","8":"first","9":"instock","10":"shipping-taxable","11":"purchasable","12":"product-type-simple"},"yoast_head":"<!-- This site is optimized with the Yoast SEO plugin v23.8 - https:\/\/yoast.com\/wordpress\/plugins\/seo\/ -->\n<title>Nectar Dei 2020 - Nittardi<\/title>\n<meta name=\"robots\" content=\"noindex, follow, max-snippet:-1, max-image-preview:large, max-video-preview:-1\" \/>\n<meta property=\"og:locale\" content=\"it_IT\" \/>\n<meta property=\"og:type\" content=\"article\" \/>\n<meta property=\"og:title\" content=\"Nectar Dei 2020 - Nittardi\" \/>\n<meta property=\"og:description\" content=\"Nectar Dei, il pi\u00f9 prestigioso vino di Nittardi, \u00e8 il risultato di uno straordinario uvaggio di Cabernet Sauvignon, Petit Verdot e Merlot ed \u00e8 stato cos\u00ec battezzato dall\u2019antico nome con cui Nittardi viene citato in un documento del 1183. Come da tradizione le prime bottiglie di questo vino furono donate a Papa Benedetto XVI e a Papa Francesco proprio come Michelangelo Buonarroti fece nel XVI secolo quando, in qualit\u00e0 di proprietario della tenuta, rese omaggio al Papa Paolo III porgendo loro il vino genuino di Nittardi, Nettare degli Dei.\" \/>\n<meta property=\"og:url\" content=\"https:\/\/nittardi.menuk.ee\/it\/wine-club-offers\/nectar-dei\/\" \/>\n<meta property=\"og:site_name\" content=\"Nittardi\" \/>\n<meta property=\"article:publisher\" content=\"https:\/\/www.facebook.com\/nittardiwinery\" \/>\n<meta property=\"article:modified_time\" content=\"2024-07-03T15:51:20+00:00\" \/>\n<meta property=\"og:image\" content=\"https:\/\/nittardi.menuk.ee\/wp-content\/uploads\/2021\/12\/Product-Nectar-Dei.jpg\" \/>\n\t<meta property=\"og:image:width\" content=\"1200\" \/>\n\t<meta property=\"og:image:height\" content=\"1200\" \/>\n\t<meta property=\"og:image:type\" content=\"image\/jpeg\" \/>\n<meta name=\"twitter:card\" content=\"summary_large_image\" \/>\n<meta name=\"twitter:site\" content=\"@nittardi\" \/>\n<meta name=\"twitter:label1\" content=\"Tempo di lettura stimato\" \/>\n\t<meta name=\"twitter:data1\" content=\"2 minuti\" \/>\n<script type=\"application\/ld+json\" class=\"yoast-schema-graph\">{\"@context\":\"https:\/\/schema.org\",\"@graph\":[{\"@type\":\"WebPage\",\"@id\":\"https:\/\/nittardi.menuk.ee\/it\/wine-club-offers\/nectar-dei\/\",\"url\":\"https:\/\/nittardi.menuk.ee\/it\/wine-club-offers\/nectar-dei\/\",\"name\":\"Nectar Dei 2020 - Nittardi\",\"isPartOf\":{\"@id\":\"https:\/\/nittardi.menuk.ee\/#website\"},\"primaryImageOfPage\":{\"@id\":\"https:\/\/nittardi.menuk.ee\/it\/wine-club-offers\/nectar-dei\/#primaryimage\"},\"image\":{\"@id\":\"https:\/\/nittardi.menuk.ee\/it\/wine-club-offers\/nectar-dei\/#primaryimage\"},\"thumbnailUrl\":\"https:\/\/nittardi.menuk.ee\/wp-content\/uploads\/2021\/12\/Product-Nectar-Dei.jpg\",\"datePublished\":\"2022-02-24T17:15:30+00:00\",\"dateModified\":\"2024-07-03T15:51:20+00:00\",\"breadcrumb\":{\"@id\":\"https:\/\/nittardi.menuk.ee\/it\/wine-club-offers\/nectar-dei\/#breadcrumb\"},\"inLanguage\":\"it-IT\",\"potentialAction\":[{\"@type\":\"ReadAction\",\"target\":[\"https:\/\/nittardi.menuk.ee\/it\/wine-club-offers\/nectar-dei\/\"]}]},{\"@type\":\"ImageObject\",\"inLanguage\":\"it-IT\",\"@id\":\"https:\/\/nittardi.menuk.ee\/it\/wine-club-offers\/nectar-dei\/#primaryimage\",\"url\":\"https:\/\/nittardi.menuk.ee\/wp-content\/uploads\/2021\/12\/Product-Nectar-Dei.jpg\",\"contentUrl\":\"https:\/\/nittardi.menuk.ee\/wp-content\/uploads\/2021\/12\/Product-Nectar-Dei.jpg\",\"width\":1200,\"height\":1200},{\"@type\":\"BreadcrumbList\",\"@id\":\"https:\/\/nittardi.menuk.ee\/it\/wine-club-offers\/nectar-dei\/#breadcrumb\",\"itemListElement\":[{\"@type\":\"ListItem\",\"position\":1,\"name\":\"Home\",\"item\":\"https:\/\/nittardi.menuk.ee\/it\/\"},{\"@type\":\"ListItem\",\"position\":2,\"name\":\"Offerte Wine Club\",\"item\":\"https:\/\/nittardi.menuk.ee\/it\/offerte-wine-club\/\"},{\"@type\":\"ListItem\",\"position\":3,\"name\":\"Nectar Dei 2020\"}]},{\"@type\":\"WebSite\",\"@id\":\"https:\/\/nittardi.menuk.ee\/#website\",\"url\":\"https:\/\/nittardi.menuk.ee\/\",\"name\":\"Nittardi\",\"description\":\"Wine, Art and Hospitality\",\"publisher\":{\"@id\":\"https:\/\/nittardi.menuk.ee\/#organization\"},\"potentialAction\":[{\"@type\":\"SearchAction\",\"target\":{\"@type\":\"EntryPoint\",\"urlTemplate\":\"https:\/\/nittardi.menuk.ee\/?s={search_term_string}\"},\"query-input\":{\"@type\":\"PropertyValueSpecification\",\"valueRequired\":true,\"valueName\":\"search_term_string\"}}],\"inLanguage\":\"it-IT\"},{\"@type\":\"Organization\",\"@id\":\"https:\/\/nittardi.menuk.ee\/#organization\",\"name\":\"Nittardi\",\"url\":\"https:\/\/nittardi.menuk.ee\/\",\"logo\":{\"@type\":\"ImageObject\",\"inLanguage\":\"it-IT\",\"@id\":\"https:\/\/nittardi.menuk.ee\/#\/schema\/logo\/image\/\",\"url\":\"https:\/\/nittardi.menuk.ee\/wp-content\/uploads\/2022\/02\/Nittardi-Logo-color.png\",\"contentUrl\":\"https:\/\/nittardi.menuk.ee\/wp-content\/uploads\/2022\/02\/Nittardi-Logo-color.png\",\"width\":1098,\"height\":776,\"caption\":\"Nittardi\"},\"image\":{\"@id\":\"https:\/\/nittardi.menuk.ee\/#\/schema\/logo\/image\/\"},\"sameAs\":[\"https:\/\/www.facebook.com\/nittardiwinery\",\"https:\/\/x.com\/nittardi\",\"https:\/\/www.instagram.com\/fattorianittardi\/\"]}]}<\/script>\n<!-- \/ Yoast SEO plugin. -->","yoast_head_json":{"title":"Nectar Dei 2020 - Nittardi","robots":{"index":"noindex","follow":"follow","max-snippet":"max-snippet:-1","max-image-preview":"max-image-preview:large","max-video-preview":"max-video-preview:-1"},"og_locale":"it_IT","og_type":"article","og_title":"Nectar Dei 2020 - Nittardi","og_description":"Nectar Dei, il pi\u00f9 prestigioso vino di Nittardi, \u00e8 il risultato di uno straordinario uvaggio di Cabernet Sauvignon, Petit Verdot e Merlot ed \u00e8 stato cos\u00ec battezzato dall\u2019antico nome con cui Nittardi viene citato in un documento del 1183. Come da tradizione le prime bottiglie di questo vino furono donate a Papa Benedetto XVI e a Papa Francesco proprio come Michelangelo Buonarroti fece nel XVI secolo quando, in qualit\u00e0 di proprietario della tenuta, rese omaggio al Papa Paolo III porgendo loro il vino genuino di Nittardi, Nettare degli Dei.","og_url":"https:\/\/nittardi.menuk.ee\/it\/wine-club-offers\/nectar-dei\/","og_site_name":"Nittardi","article_publisher":"https:\/\/www.facebook.com\/nittardiwinery","article_modified_time":"2024-07-03T15:51:20+00:00","og_image":[{"width":1200,"height":1200,"url":"https:\/\/nittardi.menuk.ee\/wp-content\/uploads\/2021\/12\/Product-Nectar-Dei.jpg","type":"image\/jpeg"}],"twitter_card":"summary_large_image","twitter_site":"@nittardi","twitter_misc":{"Tempo di lettura stimato":"2 minuti"},"schema":{"@context":"https:\/\/schema.org","@graph":[{"@type":"WebPage","@id":"https:\/\/nittardi.menuk.ee\/it\/wine-club-offers\/nectar-dei\/","url":"https:\/\/nittardi.menuk.ee\/it\/wine-club-offers\/nectar-dei\/","name":"Nectar Dei 2020 - Nittardi","isPartOf":{"@id":"https:\/\/nittardi.menuk.ee\/#website"},"primaryImageOfPage":{"@id":"https:\/\/nittardi.menuk.ee\/it\/wine-club-offers\/nectar-dei\/#primaryimage"},"image":{"@id":"https:\/\/nittardi.menuk.ee\/it\/wine-club-offers\/nectar-dei\/#primaryimage"},"thumbnailUrl":"https:\/\/nittardi.menuk.ee\/wp-content\/uploads\/2021\/12\/Product-Nectar-Dei.jpg","datePublished":"2022-02-24T17:15:30+00:00","dateModified":"2024-07-03T15:51:20+00:00","breadcrumb":{"@id":"https:\/\/nittardi.menuk.ee\/it\/wine-club-offers\/nectar-dei\/#breadcrumb"},"inLanguage":"it-IT","potentialAction":[{"@type":"ReadAction","target":["https:\/\/nittardi.menuk.ee\/it\/wine-club-offers\/nectar-dei\/"]}]},{"@type":"ImageObject","inLanguage":"it-IT","@id":"https:\/\/nittardi.menuk.ee\/it\/wine-club-offers\/nectar-dei\/#primaryimage","url":"https:\/\/nittardi.menuk.ee\/wp-content\/uploads\/2021\/12\/Product-Nectar-Dei.jpg","contentUrl":"https:\/\/nittardi.menuk.ee\/wp-content\/uploads\/2021\/12\/Product-Nectar-Dei.jpg","width":1200,"height":1200},{"@type":"BreadcrumbList","@id":"https:\/\/nittardi.menuk.ee\/it\/wine-club-offers\/nectar-dei\/#breadcrumb","itemListElement":[{"@type":"ListItem","position":1,"name":"Home","item":"https:\/\/nittardi.menuk.ee\/it\/"},{"@type":"ListItem","position":2,"name":"Offerte Wine Club","item":"https:\/\/nittardi.menuk.ee\/it\/offerte-wine-club\/"},{"@type":"ListItem","position":3,"name":"Nectar Dei 2020"}]},{"@type":"WebSite","@id":"https:\/\/nittardi.menuk.ee\/#website","url":"https:\/\/nittardi.menuk.ee\/","name":"Nittardi","description":"Wine, Art and Hospitality","publisher":{"@id":"https:\/\/nittardi.menuk.ee\/#organization"},"potentialAction":[{"@type":"SearchAction","target":{"@type":"EntryPoint","urlTemplate":"https:\/\/nittardi.menuk.ee\/?s={search_term_string}"},"query-input":{"@type":"PropertyValueSpecification","valueRequired":true,"valueName":"search_term_string"}}],"inLanguage":"it-IT"},{"@type":"Organization","@id":"https:\/\/nittardi.menuk.ee\/#organization","name":"Nittardi","url":"https:\/\/nittardi.menuk.ee\/","logo":{"@type":"ImageObject","inLanguage":"it-IT","@id":"https:\/\/nittardi.menuk.ee\/#\/schema\/logo\/image\/","url":"https:\/\/nittardi.menuk.ee\/wp-content\/uploads\/2022\/02\/Nittardi-Logo-color.png","contentUrl":"https:\/\/nittardi.menuk.ee\/wp-content\/uploads\/2022\/02\/Nittardi-Logo-color.png","width":1098,"height":776,"caption":"Nittardi"},"image":{"@id":"https:\/\/nittardi.menuk.ee\/#\/schema\/logo\/image\/"},"sameAs":["https:\/\/www.facebook.com\/nittardiwinery","https:\/\/x.com\/nittardi","https:\/\/www.instagram.com\/fattorianittardi\/"]}]}},"_links":{"self":[{"href":"https:\/\/nittardi.menuk.ee\/it\/wp-json\/wp\/v2\/product\/12048","targetHints":{"allow":["GET"]}}],"collection":[{"href":"https:\/\/nittardi.menuk.ee\/it\/wp-json\/wp\/v2\/product"}],"about":[{"href":"https:\/\/nittardi.menuk.ee\/it\/wp-json\/wp\/v2\/types\/product"}],"wp:featuredmedia":[{"embeddable":true,"href":"https:\/\/nittardi.menuk.ee\/it\/wp-json\/wp\/v2\/media\/10756"}],"wp:attachment":[{"href":"https:\/\/nittardi.menuk.ee\/it\/wp-json\/wp\/v2\/media?parent=12048"}],"wp:term":[{"taxonomy":"product_cat","embeddable":true,"href":"https:\/\/nittardi.menuk.ee\/it\/wp-json\/wp\/v2\/product_cat?post=12048"},{"taxonomy":"product_tag","embeddable":true,"href":"https:\/\/nittardi.menuk.ee\/it\/wp-json\/wp\/v2\/product_tag?post=12048"}],"curies":[{"name":"wp","href":"https:\/\/api.w.org\/{rel}","templated":true}]}}