{"id":11880,"date":"2021-11-02T13:41:20","date_gmt":"2021-11-02T12:41:20","guid":{"rendered":"https:\/\/e.menuk.ee\/dev\/nittardi\/?page_id=11880"},"modified":"2024-05-09T12:01:23","modified_gmt":"2024-05-09T10:01:23","slug":"informativa-sulla-privacy","status":"publish","type":"page","link":"https:\/\/nittardi.menuk.ee\/it\/informativa-sulla-privacy\/","title":{"rendered":"Informativa sulla privacy"},"content":{"rendered":"<div class=\"wpb-content-wrapper\"><p>[vc_row][vc_column width=&#8221;1\/6&#8243;][\/vc_column][vc_column width=&#8221;2\/3&#8243;][vc_column_text]<\/p>\n<p>&nbsp;<\/p>\n<p><strong>PRIVACY POLICY DI QUESTO SITO<\/strong><br \/>\n<strong>AI SENSI DEL REGOLAMENTO UE 679\/2016<\/strong><br \/>\n<strong>E DEL D.LGS. 196\/2003 COS\u00cc COME MODIFICATO DAL D.LGS. 101\/2018<\/strong><\/p>\n<p>&nbsp;<\/p>\n<p><strong>TITOLARE DEL TRATTAMENTO<\/strong><\/p>\n<p>A seguito della consultazione di questo sito possono essere trattati dati relativi a persone identificate o identificabili.<\/p>\n<p>Il Titolare del loro trattamento \u00e8 Nittardi.<\/p>\n<p>&nbsp;<\/p>\n<p><strong>FINALIT\u00c0 DEL TRATTAMENTO<\/strong><\/p>\n<p>Le finalit\u00e0 per le quali i dati vengono raccolti sono le seguenti:<\/p>\n<p>\u25cf Fornire informazioni sui servizi resi dalla scrivente;<br \/>\n\u25cf Gestione delle richieste di informazioni e di chiarimenti.<br \/>\n\u25cf Iscrizione al servizio di newsletter.<\/p>\n<p>&nbsp;<\/p>\n<p><strong>BASE GIURIDICA DEL TRATTAMENTO<\/strong><\/p>\n<p>I dati sono trattati da Nittardi per il perseguimento del legittimo interesse del titolare per il conseguimento delle finalit\u00e0 suddette.<\/p>\n<p>&nbsp;<\/p>\n<p><strong>LUOGO DI TRATTAMENTO DEI DATI<\/strong><\/p>\n<p>I trattamenti connessi ai servizi web di questo sito hanno luogo presso la predetta sede sita i 53011 Castellina in Chianti (SI) e sono curati solo da personale autorizzato al trattamento.<\/p>\n<p>&nbsp;<\/p>\n<p><strong>TIPI DI DATI TRATTATI<\/strong><\/p>\n<p>Vengono trattate le seguenti tipologie di dati:<\/p>\n<p>\u25cf Dati di navigazione.<\/p>\n<p>I sistemi informatici e le procedure software preposte al funzionamento di questo sito web acquisiscono, nel corso del loro normale esercizio, alcuni dati personali la cui trasmissione \u00e8 implicita nell\u2019uso dei protocolli di comunicazione di Internet.<\/p>\n<p>Si tratta di informazioni che non sono raccolte per essere associate a interessati identificati, ma che per loro stessa natura potrebbero, attraverso elaborazioni ed associazioni con dati detenuti da terzi, permettere di identificare gli utenti.<\/p>\n<p>In questa categoria di dati rientrano gli indirizzi IP o i nomi a dominio dei computer utilizzati dagli utenti che si connettono al sito, gli indirizzi in notazione URI (Uniform Resource Identifier) delle risorse richieste, l&#8217;orario della richiesta, il metodo utilizzato nel sottoporre la richiesta al server, la dimensione del file ottenuto in risposta, il codice numerico indicante lo stato della risposta data dal server (buon fine, errore, ecc.) ed altri parametri relativi al sistema operativo e all&#8217;ambiente informatico dell&#8217;utente.<\/p>\n<p>Questi dati vengono utilizzati al solo fine di ricavare informazioni statistiche anonime sull&#8217;uso del sito e per controllarne il corretto funzionamento e vengono cancellati immediatamente dopo l&#8217;elaborazione. I dati potrebbero essere utilizzati per l&#8217;accertamento di responsabilit\u00e0 in caso di ipotetici reati informatici ai danni del sito: salva questa eventualit\u00e0, allo stato i dati sui contatti web non persistono per pi\u00f9 di sette giorni (salvo eventuali necessit\u00e0 di accertamento di reati da parte dell\u2019Autorit\u00e0 giudiziaria).<\/p>\n<p>\u25cf Dati forniti volontariamente dall\u2019utente.<\/p>\n<p>L&#8217;invio facoltativo, esplicito e volontario di posta elettronica agli indirizzi indicati su questo sito comporta la successiva acquisizione dell&#8217;indirizzo del mittente, necessario per rispondere alle richieste, nonch\u00e9 degli eventuali altri dati personali inseriti nella missiva.<br \/>\nSpecifiche informative verranno progressivamente riportate o visualizzate nelle pagine del sito predisposte per particolari servizi a richiesta.<\/p>\n<p>\u25cf Nessun dato personale degli utenti viene in proposito acquisito dal sito.<\/p>\n<p>Non viene fatto uso di cookie per la trasmissione di informazioni di carattere personale, n\u00e9 vengono utilizzati c.d. cookie persistenti di alcun tipo, ovvero sistemi per il tracciamento degli utenti.<br \/>\nL&#8217;uso di c.d. cookie di sessione (che non vengono memorizzati in modo persistente sul computer dell&#8217;utente e svaniscono con la chiusura del browser) \u00e8 strettamente limitato alla trasmissione di identificativi di sessione (costituiti da numeri casuali generati dal server) necessari per consentire l&#8217;esplorazione sicura ed efficiente del sito.<br \/>\nI c.d. cookie di sessione utilizzati in questo sito evitano il ricorso ad altre tecniche informatiche potenzialmente pregiudizievoli per la riservatezza della navigazione degli utenti e non consentono l&#8217;acquisizione di dati personali identificativi dell&#8217;utente.<\/p>\n<p>&nbsp;<\/p>\n<p><strong>MODALIT\u00c0 DEL TRATTAMENTO<\/strong><\/p>\n<p>I dati personali sono trattati con strumenti automatizzati per il tempo strettamente necessario a conseguire gli scopi per cui sono stati raccolti.<\/p>\n<p>Specifiche misure di sicurezza sono osservate per prevenire la perdita dei dati, usi illeciti o non corretti e accessi non autorizzati.<\/p>\n<p>I suoi dati personali potranno essere comunicati a soggetti terzi a noi conosciuti solo ed esclusivamente per le finalit\u00e0 suddette. Tali soggetti tratteranno i dati personali in qualit\u00e0 di Responsabili o di autonomi titolari del trattamento.<\/p>\n<p>&nbsp;<\/p>\n<p><strong>DIRITTI DEGLI INTERESSATI<\/strong><\/p>\n<p>Ai sensi nella normativa vigente, l\u2019interessato potr\u00e0 far valere i propri diritti verso il Titolare del trattamento, come espressi dall\u2019art. 15 e ss. del Regolamento UE 679\/2016.<\/p>\n<p>Oltre a detti diritti, l\u2019interessato ha diritto a proporre reclamo all\u2019Autorit\u00e0 di controllo nell\u2019ipotesi di legge.<\/p>\n<p>&nbsp;<\/p>\n<p><strong>TITOLARE E COMUNICAZIONI PRIVACY<\/strong><\/p>\n<p>Il Titolare \u00e8 Nittardi.<\/p>\n<p>Per ogni comunicazione ai sensi degli articoli sopra riportati del Regolamento UE 679\/2016, il Titolare mette a disposizione l\u2019indirizzo Loc. Nittardi, 53011 Castellina in Chianti (SI). Telefono 057 7740269; email: info@nittardi.com.<\/p>\n<p>[\/vc_column_text][\/vc_column][vc_column width=&#8221;1\/6&#8243;][\/vc_column][\/vc_row]<\/p>\n<\/div>","protected":false},"excerpt":{"rendered":"<p>[vc_row][vc_column width=&#8221;1\/6&#8243;][\/vc_column][vc_column width=&#8221;2\/3&#8243;][vc_column_text] &nbsp; PRIVACY POLICY DI QUESTO SITO AI SENSI DEL REGOLAMENTO UE 679\/2016 E DEL D.LGS. 196\/2003 COS\u00cc COME MODIFICATO DAL D.LGS. 101\/2018 &nbsp; TITOLARE DEL TRATTAMENTO A seguito della consultazione di questo sito possono essere trattati dati relativi a persone identificate o identificabili. Il Titolare del loro trattamento \u00e8 Nittardi. &nbsp; FINALIT\u00c0 [&hellip;]<\/p>\n","protected":false},"author":1,"featured_media":0,"parent":0,"menu_order":0,"comment_status":"closed","ping_status":"open","template":"","meta":{"footnotes":"","_links_to":"","_links_to_target":""},"class_list":["post-11880","page","type-page","status-publish","hentry"],"yoast_head":"<!-- This site is optimized with the Yoast SEO plugin v23.8 - https:\/\/yoast.com\/wordpress\/plugins\/seo\/ -->\n<title>Informativa sulla privacy - Nittardi<\/title>\n<meta name=\"robots\" content=\"noindex, follow, max-snippet:-1, max-image-preview:large, max-video-preview:-1\" \/>\n<meta property=\"og:locale\" content=\"it_IT\" \/>\n<meta property=\"og:type\" content=\"article\" \/>\n<meta property=\"og:title\" content=\"Informativa sulla privacy - Nittardi\" \/>\n<meta property=\"og:description\" content=\"[vc_row][vc_column width=&#8221;1\/6&#8243;][\/vc_column][vc_column width=&#8221;2\/3&#8243;][vc_column_text] &nbsp; PRIVACY POLICY DI QUESTO SITO AI SENSI DEL REGOLAMENTO UE 679\/2016 E DEL D.LGS. 196\/2003 COS\u00cc COME MODIFICATO DAL D.LGS. 101\/2018 &nbsp; TITOLARE DEL TRATTAMENTO A seguito della consultazione di questo sito possono essere trattati dati relativi a persone identificate o identificabili. Il Titolare del loro trattamento \u00e8 Nittardi. &nbsp; FINALIT\u00c0 [&hellip;]\" \/>\n<meta property=\"og:url\" content=\"https:\/\/nittardi.menuk.ee\/it\/informativa-sulla-privacy\/\" \/>\n<meta property=\"og:site_name\" content=\"Nittardi\" \/>\n<meta property=\"article:publisher\" content=\"https:\/\/www.facebook.com\/nittardiwinery\" \/>\n<meta property=\"article:modified_time\" content=\"2024-05-09T10:01:23+00:00\" \/>\n<meta name=\"twitter:card\" content=\"summary_large_image\" \/>\n<meta name=\"twitter:site\" content=\"@nittardi\" \/>\n<meta name=\"twitter:label1\" content=\"Tempo di lettura stimato\" \/>\n\t<meta name=\"twitter:data1\" content=\"4 minuti\" \/>\n<script type=\"application\/ld+json\" class=\"yoast-schema-graph\">{\"@context\":\"https:\/\/schema.org\",\"@graph\":[{\"@type\":\"WebPage\",\"@id\":\"https:\/\/nittardi.menuk.ee\/it\/informativa-sulla-privacy\/\",\"url\":\"https:\/\/nittardi.menuk.ee\/it\/informativa-sulla-privacy\/\",\"name\":\"Informativa sulla privacy - Nittardi\",\"isPartOf\":{\"@id\":\"https:\/\/nittardi.menuk.ee\/#website\"},\"datePublished\":\"2021-11-02T12:41:20+00:00\",\"dateModified\":\"2024-05-09T10:01:23+00:00\",\"breadcrumb\":{\"@id\":\"https:\/\/nittardi.menuk.ee\/it\/informativa-sulla-privacy\/#breadcrumb\"},\"inLanguage\":\"it-IT\",\"potentialAction\":[{\"@type\":\"ReadAction\",\"target\":[\"https:\/\/nittardi.menuk.ee\/it\/informativa-sulla-privacy\/\"]}]},{\"@type\":\"BreadcrumbList\",\"@id\":\"https:\/\/nittardi.menuk.ee\/it\/informativa-sulla-privacy\/#breadcrumb\",\"itemListElement\":[{\"@type\":\"ListItem\",\"position\":1,\"name\":\"Home\",\"item\":\"https:\/\/nittardi.menuk.ee\/it\/\"},{\"@type\":\"ListItem\",\"position\":2,\"name\":\"Informativa sulla privacy\"}]},{\"@type\":\"WebSite\",\"@id\":\"https:\/\/nittardi.menuk.ee\/#website\",\"url\":\"https:\/\/nittardi.menuk.ee\/\",\"name\":\"Nittardi\",\"description\":\"Wine, Art and Hospitality\",\"publisher\":{\"@id\":\"https:\/\/nittardi.menuk.ee\/#organization\"},\"potentialAction\":[{\"@type\":\"SearchAction\",\"target\":{\"@type\":\"EntryPoint\",\"urlTemplate\":\"https:\/\/nittardi.menuk.ee\/?s={search_term_string}\"},\"query-input\":{\"@type\":\"PropertyValueSpecification\",\"valueRequired\":true,\"valueName\":\"search_term_string\"}}],\"inLanguage\":\"it-IT\"},{\"@type\":\"Organization\",\"@id\":\"https:\/\/nittardi.menuk.ee\/#organization\",\"name\":\"Nittardi\",\"url\":\"https:\/\/nittardi.menuk.ee\/\",\"logo\":{\"@type\":\"ImageObject\",\"inLanguage\":\"it-IT\",\"@id\":\"https:\/\/nittardi.menuk.ee\/#\/schema\/logo\/image\/\",\"url\":\"https:\/\/nittardi.menuk.ee\/wp-content\/uploads\/2022\/02\/Nittardi-Logo-color.png\",\"contentUrl\":\"https:\/\/nittardi.menuk.ee\/wp-content\/uploads\/2022\/02\/Nittardi-Logo-color.png\",\"width\":1098,\"height\":776,\"caption\":\"Nittardi\"},\"image\":{\"@id\":\"https:\/\/nittardi.menuk.ee\/#\/schema\/logo\/image\/\"},\"sameAs\":[\"https:\/\/www.facebook.com\/nittardiwinery\",\"https:\/\/x.com\/nittardi\",\"https:\/\/www.instagram.com\/fattorianittardi\/\"]}]}<\/script>\n<!-- \/ Yoast SEO plugin. -->","yoast_head_json":{"title":"Informativa sulla privacy - Nittardi","robots":{"index":"noindex","follow":"follow","max-snippet":"max-snippet:-1","max-image-preview":"max-image-preview:large","max-video-preview":"max-video-preview:-1"},"og_locale":"it_IT","og_type":"article","og_title":"Informativa sulla privacy - Nittardi","og_description":"[vc_row][vc_column width=&#8221;1\/6&#8243;][\/vc_column][vc_column width=&#8221;2\/3&#8243;][vc_column_text] &nbsp; PRIVACY POLICY DI QUESTO SITO AI SENSI DEL REGOLAMENTO UE 679\/2016 E DEL D.LGS. 196\/2003 COS\u00cc COME MODIFICATO DAL D.LGS. 101\/2018 &nbsp; TITOLARE DEL TRATTAMENTO A seguito della consultazione di questo sito possono essere trattati dati relativi a persone identificate o identificabili. Il Titolare del loro trattamento \u00e8 Nittardi. &nbsp; FINALIT\u00c0 [&hellip;]","og_url":"https:\/\/nittardi.menuk.ee\/it\/informativa-sulla-privacy\/","og_site_name":"Nittardi","article_publisher":"https:\/\/www.facebook.com\/nittardiwinery","article_modified_time":"2024-05-09T10:01:23+00:00","twitter_card":"summary_large_image","twitter_site":"@nittardi","twitter_misc":{"Tempo di lettura stimato":"4 minuti"},"schema":{"@context":"https:\/\/schema.org","@graph":[{"@type":"WebPage","@id":"https:\/\/nittardi.menuk.ee\/it\/informativa-sulla-privacy\/","url":"https:\/\/nittardi.menuk.ee\/it\/informativa-sulla-privacy\/","name":"Informativa sulla privacy - Nittardi","isPartOf":{"@id":"https:\/\/nittardi.menuk.ee\/#website"},"datePublished":"2021-11-02T12:41:20+00:00","dateModified":"2024-05-09T10:01:23+00:00","breadcrumb":{"@id":"https:\/\/nittardi.menuk.ee\/it\/informativa-sulla-privacy\/#breadcrumb"},"inLanguage":"it-IT","potentialAction":[{"@type":"ReadAction","target":["https:\/\/nittardi.menuk.ee\/it\/informativa-sulla-privacy\/"]}]},{"@type":"BreadcrumbList","@id":"https:\/\/nittardi.menuk.ee\/it\/informativa-sulla-privacy\/#breadcrumb","itemListElement":[{"@type":"ListItem","position":1,"name":"Home","item":"https:\/\/nittardi.menuk.ee\/it\/"},{"@type":"ListItem","position":2,"name":"Informativa sulla privacy"}]},{"@type":"WebSite","@id":"https:\/\/nittardi.menuk.ee\/#website","url":"https:\/\/nittardi.menuk.ee\/","name":"Nittardi","description":"Wine, Art and Hospitality","publisher":{"@id":"https:\/\/nittardi.menuk.ee\/#organization"},"potentialAction":[{"@type":"SearchAction","target":{"@type":"EntryPoint","urlTemplate":"https:\/\/nittardi.menuk.ee\/?s={search_term_string}"},"query-input":{"@type":"PropertyValueSpecification","valueRequired":true,"valueName":"search_term_string"}}],"inLanguage":"it-IT"},{"@type":"Organization","@id":"https:\/\/nittardi.menuk.ee\/#organization","name":"Nittardi","url":"https:\/\/nittardi.menuk.ee\/","logo":{"@type":"ImageObject","inLanguage":"it-IT","@id":"https:\/\/nittardi.menuk.ee\/#\/schema\/logo\/image\/","url":"https:\/\/nittardi.menuk.ee\/wp-content\/uploads\/2022\/02\/Nittardi-Logo-color.png","contentUrl":"https:\/\/nittardi.menuk.ee\/wp-content\/uploads\/2022\/02\/Nittardi-Logo-color.png","width":1098,"height":776,"caption":"Nittardi"},"image":{"@id":"https:\/\/nittardi.menuk.ee\/#\/schema\/logo\/image\/"},"sameAs":["https:\/\/www.facebook.com\/nittardiwinery","https:\/\/x.com\/nittardi","https:\/\/www.instagram.com\/fattorianittardi\/"]}]}},"_links":{"self":[{"href":"https:\/\/nittardi.menuk.ee\/it\/wp-json\/wp\/v2\/pages\/11880","targetHints":{"allow":["GET"]}}],"collection":[{"href":"https:\/\/nittardi.menuk.ee\/it\/wp-json\/wp\/v2\/pages"}],"about":[{"href":"https:\/\/nittardi.menuk.ee\/it\/wp-json\/wp\/v2\/types\/page"}],"author":[{"embeddable":true,"href":"https:\/\/nittardi.menuk.ee\/it\/wp-json\/wp\/v2\/users\/1"}],"replies":[{"embeddable":true,"href":"https:\/\/nittardi.menuk.ee\/it\/wp-json\/wp\/v2\/comments?post=11880"}],"version-history":[{"count":10,"href":"https:\/\/nittardi.menuk.ee\/it\/wp-json\/wp\/v2\/pages\/11880\/revisions"}],"predecessor-version":[{"id":13430,"href":"https:\/\/nittardi.menuk.ee\/it\/wp-json\/wp\/v2\/pages\/11880\/revisions\/13430"}],"wp:attachment":[{"href":"https:\/\/nittardi.menuk.ee\/it\/wp-json\/wp\/v2\/media?parent=11880"}],"curies":[{"name":"wp","href":"https:\/\/api.w.org\/{rel}","templated":true}]}}