{"id":11882,"date":"2021-11-02T13:41:20","date_gmt":"2021-11-02T12:41:20","guid":{"rendered":"https:\/\/e.menuk.ee\/dev\/nittardi\/?page_id=11882"},"modified":"2024-05-10T13:21:59","modified_gmt":"2024-05-10T11:21:59","slug":"datenschutzbestimmungen","status":"publish","type":"page","link":"https:\/\/nittardi.menuk.ee\/de\/datenschutzbestimmungen\/","title":{"rendered":"Datenschutzbestimmungen"},"content":{"rendered":"<div class=\"wpb-content-wrapper\"><p>[vc_row][vc_column width=&#8220;1\/6&#8243;][\/vc_column][vc_column width=&#8220;2\/3&#8243;][vc_column_text]<\/p>\n<p>&nbsp;<\/p>\n<p><strong>DATENSCHUTZRICHTLINIEN DIESER WEBSITE<\/strong><br \/>\n<strong>GEM\u00c4SS EU-VERORDNUNG 679\/2016<\/strong><br \/>\n<strong>UND GESETZDEKRET 196\/2003, GE\u00c4NDERT DURCH GESETZDEKRET 101\/2018<\/strong><\/p>\n<p>&nbsp;<\/p>\n<p><strong>DATENCONTROLLER<\/strong><\/p>\n<p>Nach dem Aufruf dieser Website k\u00f6nnen Daten \u00fcber identifizierte oder identifizierbare Personen verarbeitet werden.<\/p>\n<p>Der Datenverantwortliche f\u00fcr ihre Verarbeitung ist Nittardi.<\/p>\n<p>&nbsp;<\/p>\n<p><strong>ZWECKE DER VERARBEITUNG<\/strong><\/p>\n<p>Die Zwecke der Datenerhebung sind folgende:<\/p>\n<p>\u25cf Bereitstellung von Informationen \u00fcber die vom Unternehmen bereitgestellten Dienste;<br \/>\n\u25cf Bearbeitung von Informations- und Klarstellungsanfragen.<br \/>\n\u25cf Abonnement des Newsletter-Dienstes.<\/p>\n<p>&nbsp;<\/p>\n<p><strong>RECHTSGRUNDLAGE DER VERARBEITUNG<\/strong><\/p>\n<p>Die Datenverarbeitung durch Nittardi erfolgt zur Wahrung des berechtigten Interesses des Verantwortlichen an der Erreichung der oben genannten Zwecke.<\/p>\n<p>&nbsp;<\/p>\n<p><strong>ORT DER DATENVERARBEITUNG<\/strong><\/p>\n<p>Die Verarbeitung im Zusammenhang mit den Webdiensten dieser Website erfolgt am oben genannten Hauptsitz in 53011 Castellina in Chianti (SI) und wird nur von autorisiertem Personal durchgef\u00fchrt.<\/p>\n<p>&nbsp;<\/p>\n<p><strong>ARTEN DER VERARBEITETEN DATEN<\/strong><\/p>\n<p>Es werden folgende Datenarten verarbeitet:<\/p>\n<p>\u25cf Browsing-Daten.<\/p>\n<p>Die f\u00fcr den Betrieb dieser Website verwendeten Computersysteme und Softwareverfahren erfassen w\u00e4hrend ihres normalen Betriebs einige personenbezogene Daten, deren \u00dcbermittlung bei der Verwendung von Internet-Kommunikationsprotokollen implizit ist.<\/p>\n<p>Diese werden nicht erfasst, um identifizierten betroffenen Personen zugeordnet zu werden, k\u00f6nnten aber aufgrund ihrer Beschaffenheit durch die Verarbeitung und Verkn\u00fcpfung mit Daten im Besitz Dritter eine Identifizierung der Benutzer erm\u00f6glichen.<\/p>\n<p>Zu dieser Datenkategorie geh\u00f6ren IP-Adressen oder Dom\u00e4nennamen von Computern, die von Benutzern verwendet werden, die eine Verbindung zur Website herstellen, URI-Adressen (Uniform Resource Identifier) der angeforderten Ressourcen, der Zeitpunkt der Anfrage, die zum Senden der Anfrage an den Server verwendete Methode, die Gr\u00f6\u00dfe der als Antwort erhaltenen Datei, der numerische Code, der den Status der vom Server gegebenen Antwort angibt (erfolgreich, Fehler usw.) und andere Parameter, die sich auf das Betriebssystem und die Computerumgebung des Benutzers beziehen.<\/p>\n<p>Diese Daten werden ausschlie\u00dflich dazu verwendet, anonyme statistische Informationen \u00fcber die Nutzung der Website zu erhalten und deren korrekte Funktion zu \u00fcberpr\u00fcfen, und werden unmittelbar nach der Verarbeitung gel\u00f6scht. Die Daten k\u00f6nnen zur Geltendmachung der Verantwortung im Falle hypothetischer Computerkriminalit\u00e4t gegen die Website verwendet werden: Abgesehen von dieser M\u00f6glichkeit bleiben die Web-Kontaktdaten nicht l\u00e4nger als sieben Tage bestehen (es sei denn, dies ist f\u00fcr die Untersuchung von Straftaten durch die Justizbeh\u00f6rde erforderlich).<\/p>\n<p>\u25cf Vom Nutzer freiwillig bereitgestellte Daten.<\/p>\n<p>Das optionale, ausdr\u00fcckliche und freiwillige Versenden von E-Mails an die auf dieser Website angegebenen Adressen erfordert die anschlie\u00dfende Erfassung der Absenderadresse, die f\u00fcr die Beantwortung von Anfragen erforderlich ist, sowie aller anderen in der Nachricht enthaltenen personenbezogenen Daten.<br \/>\nSpezifische Informationen werden nach und nach auf den Seiten der Website gemeldet oder angezeigt, die f\u00fcr bestimmte Dienste auf Anfrage vorbereitet sind.<\/p>\n<p>\u25cf In diesem Zusammenhang werden von der Website keine personenbezogenen Daten der Nutzer erfasst.<\/p>\n<p>Es werden weder Cookies f\u00fcr die \u00dcbermittlung personenbezogener Daten verwendet, noch werden irgendwelche persistenten Cookies jeglicher Art oder Systeme zur Benutzerverfolgung eingesetzt.<br \/>\nDie Verwendung von Sitzungscookies (die nicht dauerhaft auf dem Computer des Benutzers gespeichert werden und verschwinden, wenn der Browser geschlossen wird) ist strikt auf die \u00dcbertragung von Sitzungskennungen (bestehend aus vom Server generierten Zufallszahlen) beschr\u00e4nkt, die f\u00fcr ein sicheres und effizientes Surfen erforderlich sind der Standort.<br \/>\nDie auf dieser Website verwendeten Sitzungscookies vermeiden den Einsatz anderer potenziell sch\u00e4dlicher Computertechniken f\u00fcr die Vertraulichkeit der Benutzernavigation und erm\u00f6glichen nicht die Erfassung personenbezogener Daten zur Identifizierung des Benutzers.<\/p>\n<p>&nbsp;<\/p>\n<p><strong>VERARBEITUNGSMETHODEN<\/strong><\/p>\n<p>Personenbezogene Daten werden mithilfe automatisierter Tools nur so lange verarbeitet, wie es zur Erreichung der Zwecke, f\u00fcr die sie erhoben wurden, unbedingt erforderlich ist.<\/p>\n<p>Es werden besondere Sicherheitsma\u00dfnahmen beachtet, um Datenverlust, illegale oder fehlerhafte Nutzung und unbefugten Zugriff zu verhindern.<\/p>\n<p>Eine Weitergabe Ihrer personenbezogenen Daten an uns bekannte Dritte erfolgt ausschlie\u00dflich zu den oben genannten Zwecken. Diese Parteien verarbeiten personenbezogene Daten als Datenverarbeiter oder als unabh\u00e4ngige Datenverantwortliche.<\/p>\n<p>&nbsp;<\/p>\n<p><strong>RECHTE DER BETROFFENEN PERSONEN<\/strong><\/p>\n<p>Gem\u00e4\u00df den geltenden Vorschriften kann die betroffene Person ihre Rechte gegen\u00fcber dem Verantwortlichen gem\u00e4\u00df Art. 15 ff. der EU-Verordnung 679\/2016.<\/p>\n<p>Zus\u00e4tzlich zu diesen Rechten steht der betroffenen Person im Rahmen der gesetzlichen Bestimmungen ein Beschwerderecht bei der Aufsichtsbeh\u00f6rde zu.<\/p>\n<p>&nbsp;<\/p>\n<p><strong>DATENVERANTWORTLICHER UND DATENSCHUTZKOMMUNIKATION<\/strong><\/p>\n<p>Der Datenverantwortliche ist Nittardi.<\/p>\n<p>F\u00fcr jegliche Kommunikation gem\u00e4\u00df den oben genannten Artikeln der EU-Verordnung 679\/2016 gibt der Datenverantwortliche die Adresse Loc. Nittardi, 53011 Castellina in Chianti (SI).<\/p>\n<p>Telefon 057 7740269; E-Mail: info@nittardi.com.<\/p>\n<p>[\/vc_column_text][\/vc_column][vc_column width=&#8220;1\/6&#8243;][\/vc_column][\/vc_row]<\/p>\n<\/div>","protected":false},"excerpt":{"rendered":"<p>[vc_row][vc_column width=&#8220;1\/6&#8243;][\/vc_column][vc_column width=&#8220;2\/3&#8243;][vc_column_text] &nbsp; DATENSCHUTZRICHTLINIEN DIESER WEBSITE GEM\u00c4SS EU-VERORDNUNG 679\/2016 UND GESETZDEKRET 196\/2003, GE\u00c4NDERT DURCH GESETZDEKRET 101\/2018 &nbsp; DATENCONTROLLER Nach dem Aufruf dieser Website k\u00f6nnen Daten \u00fcber identifizierte oder identifizierbare Personen verarbeitet werden. Der Datenverantwortliche f\u00fcr ihre Verarbeitung ist Nittardi. &nbsp; ZWECKE DER VERARBEITUNG Die Zwecke der Datenerhebung sind folgende: \u25cf Bereitstellung von Informationen \u00fcber [&hellip;]<\/p>\n","protected":false},"author":1,"featured_media":0,"parent":0,"menu_order":0,"comment_status":"closed","ping_status":"open","template":"","meta":{"footnotes":"","_links_to":"","_links_to_target":""},"class_list":["post-11882","page","type-page","status-publish","hentry"],"yoast_head":"<!-- This site is optimized with the Yoast SEO plugin v23.8 - https:\/\/yoast.com\/wordpress\/plugins\/seo\/ -->\n<title>Datenschutzbestimmungen - Nittardi<\/title>\n<meta name=\"robots\" content=\"noindex, follow, max-snippet:-1, max-image-preview:large, max-video-preview:-1\" \/>\n<meta property=\"og:locale\" content=\"de_DE\" \/>\n<meta property=\"og:type\" content=\"article\" \/>\n<meta property=\"og:title\" content=\"Datenschutzbestimmungen - Nittardi\" \/>\n<meta property=\"og:description\" content=\"[vc_row][vc_column width=&#8220;1\/6&#8243;][\/vc_column][vc_column width=&#8220;2\/3&#8243;][vc_column_text] &nbsp; DATENSCHUTZRICHTLINIEN DIESER WEBSITE GEM\u00c4SS EU-VERORDNUNG 679\/2016 UND GESETZDEKRET 196\/2003, GE\u00c4NDERT DURCH GESETZDEKRET 101\/2018 &nbsp; DATENCONTROLLER Nach dem Aufruf dieser Website k\u00f6nnen Daten \u00fcber identifizierte oder identifizierbare Personen verarbeitet werden. Der Datenverantwortliche f\u00fcr ihre Verarbeitung ist Nittardi. &nbsp; ZWECKE DER VERARBEITUNG Die Zwecke der Datenerhebung sind folgende: \u25cf Bereitstellung von Informationen \u00fcber [&hellip;]\" \/>\n<meta property=\"og:url\" content=\"https:\/\/nittardi.menuk.ee\/de\/datenschutzbestimmungen\/\" \/>\n<meta property=\"og:site_name\" content=\"Nittardi\" \/>\n<meta property=\"article:publisher\" content=\"https:\/\/www.facebook.com\/nittardiwinery\" \/>\n<meta property=\"article:modified_time\" content=\"2024-05-10T11:21:59+00:00\" \/>\n<meta name=\"twitter:card\" content=\"summary_large_image\" \/>\n<meta name=\"twitter:site\" content=\"@nittardi\" \/>\n<meta name=\"twitter:label1\" content=\"Gesch\u00e4tzte Lesezeit\" \/>\n\t<meta name=\"twitter:data1\" content=\"4\u00a0Minuten\" \/>\n<script type=\"application\/ld+json\" class=\"yoast-schema-graph\">{\"@context\":\"https:\/\/schema.org\",\"@graph\":[{\"@type\":\"WebPage\",\"@id\":\"https:\/\/nittardi.menuk.ee\/de\/datenschutzbestimmungen\/\",\"url\":\"https:\/\/nittardi.menuk.ee\/de\/datenschutzbestimmungen\/\",\"name\":\"Datenschutzbestimmungen - Nittardi\",\"isPartOf\":{\"@id\":\"https:\/\/nittardi.menuk.ee\/#website\"},\"datePublished\":\"2021-11-02T12:41:20+00:00\",\"dateModified\":\"2024-05-10T11:21:59+00:00\",\"breadcrumb\":{\"@id\":\"https:\/\/nittardi.menuk.ee\/de\/datenschutzbestimmungen\/#breadcrumb\"},\"inLanguage\":\"de\",\"potentialAction\":[{\"@type\":\"ReadAction\",\"target\":[\"https:\/\/nittardi.menuk.ee\/de\/datenschutzbestimmungen\/\"]}]},{\"@type\":\"BreadcrumbList\",\"@id\":\"https:\/\/nittardi.menuk.ee\/de\/datenschutzbestimmungen\/#breadcrumb\",\"itemListElement\":[{\"@type\":\"ListItem\",\"position\":1,\"name\":\"Home\",\"item\":\"https:\/\/nittardi.menuk.ee\/de\/\"},{\"@type\":\"ListItem\",\"position\":2,\"name\":\"Datenschutzbestimmungen\"}]},{\"@type\":\"WebSite\",\"@id\":\"https:\/\/nittardi.menuk.ee\/#website\",\"url\":\"https:\/\/nittardi.menuk.ee\/\",\"name\":\"Nittardi\",\"description\":\"Wine, Art and Hospitality\",\"publisher\":{\"@id\":\"https:\/\/nittardi.menuk.ee\/#organization\"},\"potentialAction\":[{\"@type\":\"SearchAction\",\"target\":{\"@type\":\"EntryPoint\",\"urlTemplate\":\"https:\/\/nittardi.menuk.ee\/?s={search_term_string}\"},\"query-input\":{\"@type\":\"PropertyValueSpecification\",\"valueRequired\":true,\"valueName\":\"search_term_string\"}}],\"inLanguage\":\"de\"},{\"@type\":\"Organization\",\"@id\":\"https:\/\/nittardi.menuk.ee\/#organization\",\"name\":\"Nittardi\",\"url\":\"https:\/\/nittardi.menuk.ee\/\",\"logo\":{\"@type\":\"ImageObject\",\"inLanguage\":\"de\",\"@id\":\"https:\/\/nittardi.menuk.ee\/#\/schema\/logo\/image\/\",\"url\":\"https:\/\/nittardi.menuk.ee\/wp-content\/uploads\/2022\/02\/Nittardi-Logo-color.png\",\"contentUrl\":\"https:\/\/nittardi.menuk.ee\/wp-content\/uploads\/2022\/02\/Nittardi-Logo-color.png\",\"width\":1098,\"height\":776,\"caption\":\"Nittardi\"},\"image\":{\"@id\":\"https:\/\/nittardi.menuk.ee\/#\/schema\/logo\/image\/\"},\"sameAs\":[\"https:\/\/www.facebook.com\/nittardiwinery\",\"https:\/\/x.com\/nittardi\",\"https:\/\/www.instagram.com\/fattorianittardi\/\"]}]}<\/script>\n<!-- \/ Yoast SEO plugin. -->","yoast_head_json":{"title":"Datenschutzbestimmungen - Nittardi","robots":{"index":"noindex","follow":"follow","max-snippet":"max-snippet:-1","max-image-preview":"max-image-preview:large","max-video-preview":"max-video-preview:-1"},"og_locale":"de_DE","og_type":"article","og_title":"Datenschutzbestimmungen - Nittardi","og_description":"[vc_row][vc_column width=&#8220;1\/6&#8243;][\/vc_column][vc_column width=&#8220;2\/3&#8243;][vc_column_text] &nbsp; DATENSCHUTZRICHTLINIEN DIESER WEBSITE GEM\u00c4SS EU-VERORDNUNG 679\/2016 UND GESETZDEKRET 196\/2003, GE\u00c4NDERT DURCH GESETZDEKRET 101\/2018 &nbsp; DATENCONTROLLER Nach dem Aufruf dieser Website k\u00f6nnen Daten \u00fcber identifizierte oder identifizierbare Personen verarbeitet werden. Der Datenverantwortliche f\u00fcr ihre Verarbeitung ist Nittardi. &nbsp; ZWECKE DER VERARBEITUNG Die Zwecke der Datenerhebung sind folgende: \u25cf Bereitstellung von Informationen \u00fcber [&hellip;]","og_url":"https:\/\/nittardi.menuk.ee\/de\/datenschutzbestimmungen\/","og_site_name":"Nittardi","article_publisher":"https:\/\/www.facebook.com\/nittardiwinery","article_modified_time":"2024-05-10T11:21:59+00:00","twitter_card":"summary_large_image","twitter_site":"@nittardi","twitter_misc":{"Gesch\u00e4tzte Lesezeit":"4\u00a0Minuten"},"schema":{"@context":"https:\/\/schema.org","@graph":[{"@type":"WebPage","@id":"https:\/\/nittardi.menuk.ee\/de\/datenschutzbestimmungen\/","url":"https:\/\/nittardi.menuk.ee\/de\/datenschutzbestimmungen\/","name":"Datenschutzbestimmungen - Nittardi","isPartOf":{"@id":"https:\/\/nittardi.menuk.ee\/#website"},"datePublished":"2021-11-02T12:41:20+00:00","dateModified":"2024-05-10T11:21:59+00:00","breadcrumb":{"@id":"https:\/\/nittardi.menuk.ee\/de\/datenschutzbestimmungen\/#breadcrumb"},"inLanguage":"de","potentialAction":[{"@type":"ReadAction","target":["https:\/\/nittardi.menuk.ee\/de\/datenschutzbestimmungen\/"]}]},{"@type":"BreadcrumbList","@id":"https:\/\/nittardi.menuk.ee\/de\/datenschutzbestimmungen\/#breadcrumb","itemListElement":[{"@type":"ListItem","position":1,"name":"Home","item":"https:\/\/nittardi.menuk.ee\/de\/"},{"@type":"ListItem","position":2,"name":"Datenschutzbestimmungen"}]},{"@type":"WebSite","@id":"https:\/\/nittardi.menuk.ee\/#website","url":"https:\/\/nittardi.menuk.ee\/","name":"Nittardi","description":"Wine, Art and Hospitality","publisher":{"@id":"https:\/\/nittardi.menuk.ee\/#organization"},"potentialAction":[{"@type":"SearchAction","target":{"@type":"EntryPoint","urlTemplate":"https:\/\/nittardi.menuk.ee\/?s={search_term_string}"},"query-input":{"@type":"PropertyValueSpecification","valueRequired":true,"valueName":"search_term_string"}}],"inLanguage":"de"},{"@type":"Organization","@id":"https:\/\/nittardi.menuk.ee\/#organization","name":"Nittardi","url":"https:\/\/nittardi.menuk.ee\/","logo":{"@type":"ImageObject","inLanguage":"de","@id":"https:\/\/nittardi.menuk.ee\/#\/schema\/logo\/image\/","url":"https:\/\/nittardi.menuk.ee\/wp-content\/uploads\/2022\/02\/Nittardi-Logo-color.png","contentUrl":"https:\/\/nittardi.menuk.ee\/wp-content\/uploads\/2022\/02\/Nittardi-Logo-color.png","width":1098,"height":776,"caption":"Nittardi"},"image":{"@id":"https:\/\/nittardi.menuk.ee\/#\/schema\/logo\/image\/"},"sameAs":["https:\/\/www.facebook.com\/nittardiwinery","https:\/\/x.com\/nittardi","https:\/\/www.instagram.com\/fattorianittardi\/"]}]}},"_links":{"self":[{"href":"https:\/\/nittardi.menuk.ee\/de\/wp-json\/wp\/v2\/pages\/11882","targetHints":{"allow":["GET"]}}],"collection":[{"href":"https:\/\/nittardi.menuk.ee\/de\/wp-json\/wp\/v2\/pages"}],"about":[{"href":"https:\/\/nittardi.menuk.ee\/de\/wp-json\/wp\/v2\/types\/page"}],"author":[{"embeddable":true,"href":"https:\/\/nittardi.menuk.ee\/de\/wp-json\/wp\/v2\/users\/1"}],"replies":[{"embeddable":true,"href":"https:\/\/nittardi.menuk.ee\/de\/wp-json\/wp\/v2\/comments?post=11882"}],"version-history":[{"count":3,"href":"https:\/\/nittardi.menuk.ee\/de\/wp-json\/wp\/v2\/pages\/11882\/revisions"}],"predecessor-version":[{"id":13432,"href":"https:\/\/nittardi.menuk.ee\/de\/wp-json\/wp\/v2\/pages\/11882\/revisions\/13432"}],"wp:attachment":[{"href":"https:\/\/nittardi.menuk.ee\/de\/wp-json\/wp\/v2\/media?parent=11882"}],"curies":[{"name":"wp","href":"https:\/\/api.w.org\/{rel}","templated":true}]}}